{"id":96,"date":"2022-03-22T07:29:45","date_gmt":"2022-03-22T07:29:45","guid":{"rendered":"http:\/\/digidozent.bfz.cz\/?page_id=96"},"modified":"2023-10-28T09:48:57","modified_gmt":"2023-10-28T09:48:57","slug":"digidozent-cz","status":"publish","type":"page","link":"https:\/\/www.digidozent.akredika.cz\/index.php\/cs\/","title":{"rendered":"DigiDozent cz"},"content":{"rendered":"\n<h1 class=\"is-style-default\" style=\"margin-top:120px\">DigiDozent<\/h1>\n\n\n\n<p class=\"is-style-default\">Cesta k univerz\u00e1ln\u00edmu digit\u00e1ln\u00edmu lektorovi a organiz\u00e1torovi vzd\u011bl\u00e1vac\u00edch aktivit.<\/p>\n\n\n\n<div class=\"wp-block-columns is-layout-flex wp-container-core-columns-is-layout-28f84493 wp-block-columns-is-layout-flex\">\n<div class=\"wp-block-column is-layout-flow wp-block-column-is-layout-flow\" style=\"flex-basis:33.34%\">\n<div class=\"wp-block-group is-layout-flow wp-block-group-is-layout-flow\">\n<div class=\"wp-block-columns is-layout-flex wp-container-core-columns-is-layout-28f84493 wp-block-columns-is-layout-flex\">\n<div class=\"wp-block-column is-layout-flow wp-block-column-is-layout-flow\" style=\"flex-basis:100%\">\n<figure class=\"wp-block-image size-full\"><img loading=\"lazy\" decoding=\"async\" width=\"400\" height=\"182\" src=\"https:\/\/www.digidozent.akredika.cz\/wp-content\/uploads\/2022\/03\/foto_1.jpg\" alt=\"\" class=\"wp-image-75\" srcset=\"https:\/\/www.digidozent.akredika.cz\/wp-content\/uploads\/2022\/03\/foto_1.jpg 400w, https:\/\/www.digidozent.akredika.cz\/wp-content\/uploads\/2022\/03\/foto_1-300x137.jpg 300w\" sizes=\"auto, (max-width: 400px) 100vw, 400px\" \/><figcaption class=\"wp-element-caption\"><a href=\"http:\/\/digidozent.bfz.cz\/index.php\/cs\/partner-cz\/\" data-type=\"page\" data-id=\"98\">Realiz\u00e1tory projektu je 5 projektov\u00fdch partner\u016f ze 3 zem\u00ed. P\u0159e\u010dt\u011bte si v\u00edce &#8230;<\/a><\/figcaption><\/figure>\n<\/div>\n<\/div>\n<\/div>\n<\/div>\n\n\n\n<div class=\"wp-block-column is-layout-flow wp-block-column-is-layout-flow\" style=\"flex-basis:33.34%\">\n<figure class=\"wp-block-image size-large\"><img decoding=\"async\" src=\"https:\/\/digidozent.bfz.cz\/wp-content\/uploads\/2022\/03\/foto_3.jpg\" alt=\"\"\/><figcaption class=\"wp-element-caption\"><a href=\"http:\/\/digidozent.bfz.cz\/index.php\/cs\/projekt-cz\/\" data-type=\"page\" data-id=\"102\">V\u00edce informac\u00ed o projektu naleznete zde &#8230;<\/a><\/figcaption><\/figure>\n<\/div>\n\n\n\n<div class=\"wp-block-column is-layout-flow wp-block-column-is-layout-flow\" style=\"flex-basis:33.33%\">\n<figure class=\"wp-block-image size-large\"><img decoding=\"async\" src=\"https:\/\/digidozent.bfz.cz\/wp-content\/uploads\/2022\/03\/foto_2.jpg\" alt=\"\"\/><figcaption class=\"wp-element-caption\"><a href=\"http:\/\/digidozent.bfz.cz\/index.php\/cs\/modulu\/\" data-type=\"page\" data-id=\"179\">V r\u00e1mci projektu jsou vytv\u00e1\u0159eny eLearningov\u00e9 moduly. Zde je p\u0159ehled.<\/a><\/figcaption><\/figure>\n<\/div>\n<\/div>\n\n\n\n<p>V r\u00e1mci tohoto projektu se vyv\u00edj\u00ed modulov\u00e1 \u0159ada kurz\u016f, kter\u00e9 zprost\u0159edkov\u00e1vaj\u00ed z\u00e1kladn\u00ed teoretick\u00e9 a praktick\u00e9 znalosti pro \u0161kolitele, u\u010ditele a koordin\u00e1tory vzd\u011bl\u00e1vac\u00edch a rekvalifika\u010dn\u00edch kurz\u016f. Nau\u010d\u00ed se, jak pracovat s nov\u00fdmi m\u00e9dii a jak d\u00e1le p\u0159ed\u00e1vat znalosti s jejich vyu\u017eit\u00edm. Vysv\u011btluje z\u00e1kladn\u00ed didaktick\u00e9 a metodick\u00e9 postupy, kter\u00e9 jsou nezbytn\u00e9 pro pozd\u011bj\u0161\u00ed pou\u017eit\u00ed.<\/p>\n\n\n\n<p>Celkov\u00e1 nab\u00eddka modul\u016f obsahuje 10 t\u00e9mat a je modul\u00e1rn\u00ed. Lze ji sestavit individu\u00e1ln\u011b na z\u00e1klad\u011b znalost\u00ed a dovednost\u00ed c\u00edlov\u00e9 skupiny a prob\u00edh\u00e1 synchronn\u011b\/asynchronn\u011b v\u00fdhradn\u011b p\u0159es internet.<\/p>\n\n\n\n<figure class=\"wp-block-image aligncenter size-large\"><img loading=\"lazy\" decoding=\"async\" width=\"1024\" height=\"287\" src=\"https:\/\/www.digidozent.akredika.cz\/wp-content\/uploads\/2022\/03\/grafik_cz-1-1024x287.png\" alt=\"\" class=\"wp-image-245\" srcset=\"https:\/\/www.digidozent.akredika.cz\/wp-content\/uploads\/2022\/03\/grafik_cz-1-1024x287.png 1024w, https:\/\/www.digidozent.akredika.cz\/wp-content\/uploads\/2022\/03\/grafik_cz-1-300x84.png 300w, https:\/\/www.digidozent.akredika.cz\/wp-content\/uploads\/2022\/03\/grafik_cz-1-768x215.png 768w, https:\/\/www.digidozent.akredika.cz\/wp-content\/uploads\/2022\/03\/grafik_cz-1-1536x431.png 1536w, https:\/\/www.digidozent.akredika.cz\/wp-content\/uploads\/2022\/03\/grafik_cz-1-2048x574.png 2048w, https:\/\/www.digidozent.akredika.cz\/wp-content\/uploads\/2022\/03\/grafik_cz-1-1140x320.png 1140w\" sizes=\"auto, (max-width: 1024px) 100vw, 1024px\" \/><\/figure>\n\n\n\n<p>Z\u00e1kladem celkov\u00e9ho konceptu je LMS s ve\u0161ker\u00fdm obsahem a funkcemi z projektu Erasmus+ \u201eModern\u00ed vzd\u011bl\u00e1v\u00e1n\u00ed\u201c 2017-1-CZ01-KA202-035472.<\/p>\n\n\n\n<div class=\"wp-block-buttons is-layout-flex wp-block-buttons-is-layout-flex\"><\/div>\n","protected":false},"excerpt":{"rendered":"<p>DigiDozent Cesta k univerz\u00e1ln\u00edmu digit\u00e1ln\u00edmu lektorovi a organiz\u00e1torovi vzd\u011bl\u00e1vac\u00edch aktivit. V r\u00e1mci tohoto projektu se vyv\u00edj\u00ed modulov\u00e1 \u0159ada kurz\u016f, kter\u00e9<span class=\"more-dots\">&#8230;<\/span><\/p>\n","protected":false},"author":1,"featured_media":0,"parent":0,"menu_order":0,"comment_status":"closed","ping_status":"closed","template":"page-templates\/no-sidebar-no-title.php","meta":{"footnotes":""},"class_list":["post-96","page","type-page","status-publish","hentry","no-post-thumbnail"],"_links":{"self":[{"href":"https:\/\/www.digidozent.akredika.cz\/index.php\/wp-json\/wp\/v2\/pages\/96","targetHints":{"allow":["GET"]}}],"collection":[{"href":"https:\/\/www.digidozent.akredika.cz\/index.php\/wp-json\/wp\/v2\/pages"}],"about":[{"href":"https:\/\/www.digidozent.akredika.cz\/index.php\/wp-json\/wp\/v2\/types\/page"}],"author":[{"embeddable":true,"href":"https:\/\/www.digidozent.akredika.cz\/index.php\/wp-json\/wp\/v2\/users\/1"}],"replies":[{"embeddable":true,"href":"https:\/\/www.digidozent.akredika.cz\/index.php\/wp-json\/wp\/v2\/comments?post=96"}],"version-history":[{"count":23,"href":"https:\/\/www.digidozent.akredika.cz\/index.php\/wp-json\/wp\/v2\/pages\/96\/revisions"}],"predecessor-version":[{"id":393,"href":"https:\/\/www.digidozent.akredika.cz\/index.php\/wp-json\/wp\/v2\/pages\/96\/revisions\/393"}],"wp:attachment":[{"href":"https:\/\/www.digidozent.akredika.cz\/index.php\/wp-json\/wp\/v2\/media?parent=96"}],"curies":[{"name":"wp","href":"https:\/\/api.w.org\/{rel}","templated":true}]}}